{"id":5205,"date":"2022-04-03T21:58:44","date_gmt":"2022-04-03T14:58:44","guid":{"rendered":"https:\/\/upcgreen.com\/events\/"},"modified":"2022-05-04T09:01:42","modified_gmt":"2022-05-04T02:01:42","slug":"events","status":"publish","type":"page","link":"https:\/\/upcgreen.com\/en\/events\/","title":{"rendered":"Events"},"content":{"rendered":"<p><div class=\"fusion-fullwidth fullwidth-box fusion-builder-row-1 fusion-flex-container nonhundred-percent-fullwidth non-hundred-percent-height-scrolling\" style=\"background-color: rgba(255,255,255,0);background-position: center center;background-repeat: no-repeat;border-width: 0px 0px 0px 0px;border-color:#e8ebef;border-style:solid;\" ><div class=\"fusion-builder-row fusion-row fusion-flex-align-items-flex-start\" style=\"max-width:1310.4px;margin-left: calc(-4% \/ 2 );margin-right: calc(-4% \/ 2 );\"><div class=\"fusion-layout-column fusion_builder_column fusion-builder-column-0 fusion_builder_column_1_1 1_1 fusion-flex-column\"><div class=\"fusion-column-wrapper fusion-flex-justify-content-flex-start fusion-content-layout-column\" style=\"background-position:left top;background-repeat:no-repeat;-webkit-background-size:cover;-moz-background-size:cover;-o-background-size:cover;background-size:cover;padding: 0px 0px 0px 0px;\"><style type=\"text\/css\">@media only screen and (max-width:1200px) {.fusion-title.fusion-title-1{margin-top:0px!important; margin-right:0px!important;margin-bottom:0px!important;margin-left:0px!important;}}@media only screen and (max-width:640px) {.fusion-title.fusion-title-1{margin-top:10px!important; margin-right:0px!important;margin-bottom:20px!important; margin-left:0px!important;}}<\/style><div class=\"fusion-title title fusion-title-1 fusion-sep-none fusion-title-center fusion-title-text fusion-title-size-one\" style=\"font-size:40px;margin-top:0px;margin-right:0px;margin-bottom:0px;margin-left:0px;\"><h1 class=\"title-heading-center fusion-responsive-typography-calculated\" style=\"font-family:&quot;Lobster&quot;;font-weight:400;margin:0;font-size:1em;color:#2cbc63;--fontSize:40;line-height:1.16;\">Events<\/h1><\/div><\/div><style type=\"text\/css\">.fusion-body .fusion-builder-column-0{width:100% !important;margin-top : 0px;margin-bottom : 0px;}.fusion-builder-column-0 > .fusion-column-wrapper {padding-top : 0px !important;padding-right : 0px !important;margin-right : 1.92%;padding-bottom : 0px !important;padding-left : 0px !important;margin-left : 1.92%;}@media only screen and (max-width:1200px) {.fusion-body .fusion-builder-column-0{width:100% !important;order : 0;}.fusion-builder-column-0 > .fusion-column-wrapper {margin-right : 1.92%;margin-left : 1.92%;}}@media only screen and (max-width:640px) {.fusion-body .fusion-builder-column-0{width:100% !important;order : 0;}.fusion-builder-column-0 > .fusion-column-wrapper {margin-right : 1.92%;margin-left : 1.92%;}}<\/style><\/div><\/div><style type=\"text\/css\">.fusion-body .fusion-flex-container.fusion-builder-row-1{ padding-top : 30px;margin-top : 0px;padding-right : 0px;padding-bottom : 20px;margin-bottom : 0px;padding-left : 0px;}<\/style><\/div><div class=\"fusion-fullwidth fullwidth-box fusion-builder-row-2 fusion-flex-container nonhundred-percent-fullwidth non-hundred-percent-height-scrolling\" style=\"background-color: rgba(255,255,255,0);background-position: center center;background-repeat: no-repeat;border-width: 0px 0px 0px 0px;border-color:#e8ebef;border-style:solid;\" ><div class=\"fusion-builder-row fusion-row fusion-flex-align-items-flex-start\" style=\"max-width:1310.4px;margin-left: calc(-4% \/ 2 );margin-right: calc(-4% \/ 2 );\"><div class=\"fusion-layout-column fusion_builder_column fusion-builder-column-1 fusion_builder_column_1_1 1_1 fusion-flex-column\"><div class=\"fusion-column-wrapper fusion-flex-justify-content-flex-start fusion-content-layout-column\" style=\"background-position:left top;background-repeat:no-repeat;-webkit-background-size:cover;-moz-background-size:cover;-o-background-size:cover;background-size:cover;padding: 0px 0px 0px 0px;\"><div class=\"fusion-text fusion-text-1\"><!--W4PL_List_3799-->\n<style id=\"w4pl-css-3799\" type=\"text\/css\">#w4pl-list-3799 .news-link {\r\n  position: absolute;\r\n  z-index: 2;\r\n  top: 0;\r\n  left: 0;\r\n  width: 100%;\r\n  height: 100%;\r\n  text-decoration: none;\r\n}\r\n#w4pl-list-3799 .news-item {\r\n  position: relative;\r\n  max-height: 450px;\r\n}\r\n#w4pl-list-3799 .news-item .img {\r\n  position: relative;\r\n  overflow: hidden;\r\n}\r\n#w4pl-list-3799 .news-item .img img {\r\n  width: 100%;\r\n  transition: 0.4s;\r\n}\r\n#w4pl-list-3799 .news-item .news-info {\r\n  padding: 20px 0;\r\n  background: #fff;\r\n}\r\n#w4pl-list-3799 .news-item .news-info h3 {\r\n  margin: 0;\r\n  font-size: 21px;\r\n  padding-bottom: 25px;\r\n  -webkit-transition: 0.3s;\r\n  -o-transition: 0.3s;\r\n  transition: 0.3s;\r\n}\r\n#w4pl-list-3799 .news-item .news-info h4 {\r\n  margin: 0;\r\n  font-size: 17px;\r\n  color: #2cbc63;\r\n  padding-bottom: 15px;\r\n}\r\n#w4pl-list-3799 .news-item .news-info p {\r\n  color: #a7a7a7;\r\n  font-size: 14px;\r\n}\r\n#w4pl-list-3799 .news-item:hover .img img {\r\n  -webkit-transform: scale(1.2);\r\n  -ms-transform: scale(1.2);\r\n  transform: scale(1.2);\r\n}\r\n#w4pl-list-3799 .news-item:hover .news-info h3 {\r\n  color: #2cbc63;\r\n}\r\n#w4pl-list-3799 .upc-news {\r\n  width: 100%;\r\n  display: -webkit-box;\r\n  display: -ms-flexbox;\r\n  display: flex;\r\n  -ms-flex-wrap: wrap;\r\n  flex-wrap: wrap;\r\n  list-style: none;\r\n  margin: 0;\r\n  padding: 0;\r\n}\r\n#w4pl-list-3799 .upc-news li {\r\n  width: 33.333%;\r\n  padding: 15px;\r\n  display: block;\r\n  float: left;\r\n}\r\n#w4pl-list-3799 .upc-news li:first-child {\r\n  width: 66.6666% !important;\r\n}\r\n#w4pl-list-3799 .upc-news li:first-child .news-item,\r\n#w4pl-list-3799 .upc-news li:first-child .news-item .img {\r\n  height: 100%;\r\n}\r\n#w4pl-list-3799 .upc-news li:first-child .news-item .img img {\r\n  width: 100%;\r\n  height: 100%;\r\n  object-fit: cover;\r\n}\r\n#w4pl-list-3799 .upc-news li:first-child .news-item .news-info {\r\n  width: 50%;\r\n  position: absolute;\r\n  bottom: 0;\r\n  left: 0;\r\n  padding: 20px;\r\n  opacity: 0.8;\r\n}\r\n@media screen and (max-width: 767px) {\r\n  #w4pl-list-3799 .news-item .news-info {\r\n    padding: 10px 0;\r\n  }\r\n  #w4pl-list-3799 .news-item .news-info h4 {\r\n    padding-bottom: 10px;\r\n    font-size: 13px;\r\n  }\r\n  #w4pl-list-3799 .news-item .news-info h3 {\r\n    font-size: 16px;\r\n    padding-bottom: 10px;\r\n  }\r\n  #w4pl-list-3799 .news-item .news-info p {\r\n    font-size: 11px;\r\n  }\r\n}\r\n@media all and (max-width: 767px) and (orientation: portrait) {\r\n  #w4pl-list-3799.upc-news {\r\n    display: block;\r\n    margin: 0;\r\n  }\r\n  #w4pl-list-3799 .upc-news li {\r\n    width: 100% !important;\r\n    padding: 10px 0;\r\n  }\r\n  #w4pl-list-3799 .upc-news li:first-child {\r\n    width: 100% !important;\r\n  }\r\n  #w4pl-list-3799 .upc-news li:first-child .news-item .img img {\r\n    width: 100%;\r\n  }\r\n  #w4pl-list-3799 .upc-news li:first-child .news-item .news-info {\r\n    width: 70%;\r\n    padding: 15px;\r\n  }\r\n}\r\n#w4pl-list-3799 .navigation {\r\n  text-align: center;\r\n}\r\n#w4pl-list-3799 .navigation .page-numbers {\r\n  display: inline-block;\r\n  font-size: 18px;\r\n  line-height: 33px;\r\n  width: 35px;\r\n  height: 35px;\r\n  font-weight: 700;\r\n}\r\n#w4pl-list-3799 .navigation .current {\r\n  border-radius: 50%;\r\n  border: 2px solid;\r\n  color: #2cbc63;\r\n}<\/style>\n<div id=\"w4pl-list-3799\" class=\"w4pl\">\n\t<div id=\"w4pl-inner-3799\" class=\"w4pl-inner\">\n\t\t<ul class=\"upc-news\">\r\n  \r\n  <li>\r\n    <div class=\"news-item\">\r\n      <div class=\"img\">\r\n        \r\n      <\/div>\r\n      <div class=\"news-info\">\r\n        <h4>S\u1ef0 KI\u1ec6N N\u1ed4I B\u1eacT<\/h4>\r\n        <h3>Notice of re-appointment to the position of Deputy General Director of the Company<\/h3>\r\n        <p>11-10-2022<\/p>\r\n      <\/div>\r\n      <a class=\"news-link\" href=\"https:\/\/upcgreen.com\/en\/notice-of-re-appointment-to-the-position-of-deputy-general-director-of-the-company\/\"><\/a>\r\n    <\/div>\r\n  <\/li>\r\n  \r\n  <li>\r\n    <div class=\"news-item\">\r\n      <div class=\"img\">\r\n        \r\n      <\/div>\r\n      <div class=\"news-info\">\r\n        <h4>S\u1ef0 KI\u1ec6N N\u1ed4I B\u1eacT<\/h4>\r\n        <h3>Notice of promulgation of regulations on information disclosure<\/h3>\r\n        <p>11-10-2022<\/p>\r\n      <\/div>\r\n      <a class=\"news-link\" href=\"https:\/\/upcgreen.com\/en\/notice-of-promulgation-of-regulations-on-information-disclosure\/\"><\/a>\r\n    <\/div>\r\n  <\/li>\r\n  \r\n  <li>\r\n    <div class=\"news-item\">\r\n      <div class=\"img\">\r\n        <img decoding=\"async\" width=\"800\" height=\"500\" src=\"https:\/\/upcgreen.com\/wp-content\/uploads\/2021\/12\/1623903618081-mau-dang-tin-tuyen-dung-thu-hut-ung-vien-6-1.png\" class=\"attachment- size- lazyload\" alt=\"\" size=\"\" return=\"\" output=\"\" srcset=\"data:image\/svg+xml,%3Csvg%20xmlns%3D%27http%3A%2F%2Fwww.w3.org%2F2000%2Fsvg%27%20width%3D%27800%27%20height%3D%27500%27%20viewBox%3D%270%200%20800%20500%27%3E%3Crect%20width%3D%27800%27%20height%3D%27500%27%20fill-opacity%3D%220%22%2F%3E%3C%2Fsvg%3E\" data-orig-src=\"https:\/\/upcgreen.com\/wp-content\/uploads\/2021\/12\/1623903618081-mau-dang-tin-tuyen-dung-thu-hut-ung-vien-6-1.png\" data-srcset=\"https:\/\/upcgreen.com\/wp-content\/uploads\/2021\/12\/1623903618081-mau-dang-tin-tuyen-dung-thu-hut-ung-vien-6-1-200x125.png 200w, https:\/\/upcgreen.com\/wp-content\/uploads\/2021\/12\/1623903618081-mau-dang-tin-tuyen-dung-thu-hut-ung-vien-6-1-300x188.png 300w, https:\/\/upcgreen.com\/wp-content\/uploads\/2021\/12\/1623903618081-mau-dang-tin-tuyen-dung-thu-hut-ung-vien-6-1-400x250.png 400w, https:\/\/upcgreen.com\/wp-content\/uploads\/2021\/12\/1623903618081-mau-dang-tin-tuyen-dung-thu-hut-ung-vien-6-1-600x375.png 600w, https:\/\/upcgreen.com\/wp-content\/uploads\/2021\/12\/1623903618081-mau-dang-tin-tuyen-dung-thu-hut-ung-vien-6-1-768x480.png 768w, https:\/\/upcgreen.com\/wp-content\/uploads\/2021\/12\/1623903618081-mau-dang-tin-tuyen-dung-thu-hut-ung-vien-6-1.png 800w\" data-sizes=\"auto\" \/>\r\n      <\/div>\r\n      <div class=\"news-info\">\r\n        <h4>S\u1ef0 KI\u1ec6N N\u1ed4I B\u1eacT<\/h4>\r\n        <h3>Recruitment Form 1<\/h3>\r\n        <p>07-05-2022<\/p>\r\n      <\/div>\r\n      <a class=\"news-link\" href=\"https:\/\/upcgreen.com\/en\/recruitment-form-1\/\"><\/a>\r\n    <\/div>\r\n  <\/li>\r\n  \r\n  <li>\r\n    <div class=\"news-item\">\r\n      <div class=\"img\">\r\n        <img decoding=\"async\" width=\"800\" height=\"500\" src=\"https:\/\/upcgreen.com\/wp-content\/uploads\/2021\/12\/1623903618081-mau-dang-tin-tuyen-dung-thu-hut-ung-vien-6.png\" class=\"attachment- size- lazyload\" alt=\"\" size=\"\" return=\"\" output=\"\" srcset=\"data:image\/svg+xml,%3Csvg%20xmlns%3D%27http%3A%2F%2Fwww.w3.org%2F2000%2Fsvg%27%20width%3D%27800%27%20height%3D%27500%27%20viewBox%3D%270%200%20800%20500%27%3E%3Crect%20width%3D%27800%27%20height%3D%27500%27%20fill-opacity%3D%220%22%2F%3E%3C%2Fsvg%3E\" data-orig-src=\"https:\/\/upcgreen.com\/wp-content\/uploads\/2021\/12\/1623903618081-mau-dang-tin-tuyen-dung-thu-hut-ung-vien-6.png\" data-srcset=\"https:\/\/upcgreen.com\/wp-content\/uploads\/2021\/12\/1623903618081-mau-dang-tin-tuyen-dung-thu-hut-ung-vien-6-200x125.png 200w, https:\/\/upcgreen.com\/wp-content\/uploads\/2021\/12\/1623903618081-mau-dang-tin-tuyen-dung-thu-hut-ung-vien-6-300x188.png 300w, https:\/\/upcgreen.com\/wp-content\/uploads\/2021\/12\/1623903618081-mau-dang-tin-tuyen-dung-thu-hut-ung-vien-6-400x250.png 400w, https:\/\/upcgreen.com\/wp-content\/uploads\/2021\/12\/1623903618081-mau-dang-tin-tuyen-dung-thu-hut-ung-vien-6-600x375.png 600w, https:\/\/upcgreen.com\/wp-content\/uploads\/2021\/12\/1623903618081-mau-dang-tin-tuyen-dung-thu-hut-ung-vien-6-768x480.png 768w, https:\/\/upcgreen.com\/wp-content\/uploads\/2021\/12\/1623903618081-mau-dang-tin-tuyen-dung-thu-hut-ung-vien-6.png 800w\" data-sizes=\"auto\" \/>\r\n      <\/div>\r\n      <div class=\"news-info\">\r\n        <h4>S\u1ef0 KI\u1ec6N N\u1ed4I B\u1eacT<\/h4>\r\n        <h3>Recruitment Form 2<\/h3>\r\n        <p>07-05-2022<\/p>\r\n      <\/div>\r\n      <a class=\"news-link\" href=\"https:\/\/upcgreen.com\/en\/recruitment-form-2\/\"><\/a>\r\n    <\/div>\r\n  <\/li>\r\n  \r\n  <li>\r\n    <div class=\"news-item\">\r\n      <div class=\"img\">\r\n        <img decoding=\"async\" width=\"640\" height=\"480\" src=\"https:\/\/upcgreen.com\/wp-content\/uploads\/2017\/11\/cay-me-tay-giong-dac-diem-hinh-thai.jpg\" class=\"attachment- size- lazyload\" alt=\"\" size=\"\" return=\"\" output=\"\" srcset=\"data:image\/svg+xml,%3Csvg%20xmlns%3D%27http%3A%2F%2Fwww.w3.org%2F2000%2Fsvg%27%20width%3D%27640%27%20height%3D%27480%27%20viewBox%3D%270%200%20640%20480%27%3E%3Crect%20width%3D%27640%27%20height%3D%27480%27%20fill-opacity%3D%220%22%2F%3E%3C%2Fsvg%3E\" data-orig-src=\"https:\/\/upcgreen.com\/wp-content\/uploads\/2017\/11\/cay-me-tay-giong-dac-diem-hinh-thai.jpg\" data-srcset=\"https:\/\/upcgreen.com\/wp-content\/uploads\/2017\/11\/cay-me-tay-giong-dac-diem-hinh-thai-200x150.jpg 200w, https:\/\/upcgreen.com\/wp-content\/uploads\/2017\/11\/cay-me-tay-giong-dac-diem-hinh-thai-300x225.jpg 300w, https:\/\/upcgreen.com\/wp-content\/uploads\/2017\/11\/cay-me-tay-giong-dac-diem-hinh-thai-400x300.jpg 400w, https:\/\/upcgreen.com\/wp-content\/uploads\/2017\/11\/cay-me-tay-giong-dac-diem-hinh-thai-600x450.jpg 600w, https:\/\/upcgreen.com\/wp-content\/uploads\/2017\/11\/cay-me-tay-giong-dac-diem-hinh-thai.jpg 640w\" data-sizes=\"auto\" \/>\r\n      <\/div>\r\n      <div class=\"news-info\">\r\n        <h4>S\u1ef0 KI\u1ec6N N\u1ed4I B\u1eacT<\/h4>\r\n        <h3>C\u00e1ch tr\u1ed3ng v\u00e0 ch\u0103m s\u00f3c c\u00e2y Me T\u00e2y<\/h3>\r\n        <p>07-05-2022<\/p>\r\n      <\/div>\r\n      <a class=\"news-link\" href=\"https:\/\/upcgreen.com\/en\/cach-trong-va-cham-soc-cay-me-tay\/\"><\/a>\r\n    <\/div>\r\n  <\/li>\r\n  \r\n<\/ul>\r\n<div class=\"navigation\"><span aria-current=\"page\" class=\"page-numbers current\">1<\/span>\n<a class=\"page-numbers\" href=\"https:\/\/upcgreen.com\/en\/wp-json\/wp\/v2\/pages\/5205\/?page3799=2\">2<\/a>\n<a class=\"page-numbers\" href=\"https:\/\/upcgreen.com\/en\/wp-json\/wp\/v2\/pages\/5205\/?page3799=3\">3<\/a>\n<span class=\"page-numbers dots\">&hellip;<\/span>\n<a class=\"page-numbers\" href=\"https:\/\/upcgreen.com\/en\/wp-json\/wp\/v2\/pages\/5205\/?page3799=9\">9<\/a>\n<a class=\"page-numbers\" href=\"https:\/\/upcgreen.com\/en\/wp-json\/wp\/v2\/pages\/5205\/?page3799=10\">10<\/a>\n<a class=\"next page-numbers\" href=\"https:\/\/upcgreen.com\/en\/wp-json\/wp\/v2\/pages\/5205\/?page3799=2\">\u00bb<\/a><\/div>\n\t<\/div><!--#w4pl-inner-3799-->\n<\/div><!--#w4pl-3799-->\n<!--END_W4PL_List_3799-->\n\n<\/div><\/div><style type=\"text\/css\">.fusion-body .fusion-builder-column-1{width:100% !important;margin-top : 0px;margin-bottom : 0px;}.fusion-builder-column-1 > .fusion-column-wrapper {padding-top : 0px !important;padding-right : 0px !important;margin-right : 1.92%;padding-bottom : 0px !important;padding-left : 0px !important;margin-left : 1.92%;}@media only screen and (max-width:1200px) {.fusion-body .fusion-builder-column-1{width:100% !important;order : 0;}.fusion-builder-column-1 > .fusion-column-wrapper {margin-right : 1.92%;margin-left : 1.92%;}}@media only screen and (max-width:640px) {.fusion-body .fusion-builder-column-1{width:100% !important;order : 0;}.fusion-builder-column-1 > .fusion-column-wrapper {margin-right : 1.92%;margin-left : 1.92%;}}<\/style><\/div><\/div><style type=\"text\/css\">.fusion-body .fusion-flex-container.fusion-builder-row-2{ padding-top : 0px;margin-top : 0px;padding-right : 0px;padding-bottom : 0px;margin-bottom : 0px;padding-left : 0px;}<\/style><\/div><\/p>\n","protected":false},"excerpt":{"rendered":"","protected":false},"author":1,"featured_media":0,"parent":0,"menu_order":0,"comment_status":"closed","ping_status":"closed","template":"100-width.php","meta":{"footnotes":"","_links_to":"","_links_to_target":""},"class_list":["post-5205","page","type-page","status-publish","hentry"],"acf":[],"_links":{"self":[{"href":"https:\/\/upcgreen.com\/en\/wp-json\/wp\/v2\/pages\/5205","targetHints":{"allow":["GET"]}}],"collection":[{"href":"https:\/\/upcgreen.com\/en\/wp-json\/wp\/v2\/pages"}],"about":[{"href":"https:\/\/upcgreen.com\/en\/wp-json\/wp\/v2\/types\/page"}],"author":[{"embeddable":true,"href":"https:\/\/upcgreen.com\/en\/wp-json\/wp\/v2\/users\/1"}],"replies":[{"embeddable":true,"href":"https:\/\/upcgreen.com\/en\/wp-json\/wp\/v2\/comments?post=5205"}],"version-history":[{"count":7,"href":"https:\/\/upcgreen.com\/en\/wp-json\/wp\/v2\/pages\/5205\/revisions"}],"predecessor-version":[{"id":5518,"href":"https:\/\/upcgreen.com\/en\/wp-json\/wp\/v2\/pages\/5205\/revisions\/5518"}],"wp:attachment":[{"href":"https:\/\/upcgreen.com\/en\/wp-json\/wp\/v2\/media?parent=5205"}],"curies":[{"name":"wp","href":"https:\/\/api.w.org\/{rel}","templated":true}]}}